{"id":51,"date":"2023-09-10T19:11:05","date_gmt":"2023-09-10T19:11:05","guid":{"rendered":"https:\/\/atdstudio.com\/index.php\/about\/"},"modified":"2024-12-01T19:03:57","modified_gmt":"2024-12-02T00:03:57","slug":"nosotros","status":"publish","type":"page","link":"https:\/\/atdstudio.com\/index.php\/nosotros\/","title":{"rendered":"Nosotros"},"content":{"rendered":"\t\t<div data-elementor-type=\"wp-page\" data-elementor-id=\"51\" class=\"elementor elementor-51\" data-elementor-post-type=\"page\">\n\t\t\t\t<div class=\"elementor-element elementor-element-722ebd98 e-flex e-con-boxed e-con e-parent\" data-id=\"722ebd98\" data-element_type=\"container\">\n\t\t\t\t\t<div class=\"e-con-inner\">\n\t\t<div class=\"elementor-element elementor-element-4ba52f1e e-con-full e-flex e-con e-child\" data-id=\"4ba52f1e\" data-element_type=\"container\">\n\t\t\t\t<div class=\"elementor-element elementor-element-4d7b6677 elementor-widget elementor-widget-heading\" data-id=\"4d7b6677\" data-element_type=\"widget\" data-widget_type=\"heading.default\">\n\t\t\t\t\t<h1 class=\"elementor-heading-title elementor-size-default\">\u00a1Queremos que vendas! \n\n\n<br>Sin importar en que industria te encuentres tenemos una soluci\u00f3n para ti.<\/h1>\t\t\t\t<\/div>\n\t\t\t\t<\/div>\n\t\t<div class=\"elementor-element elementor-element-1f83445e e-con-full e-flex e-con e-child\" data-id=\"1f83445e\" data-element_type=\"container\">\n\t\t\t\t<div class=\"elementor-element elementor-element-2c07a556 elementor-widget elementor-widget-text-editor\" data-id=\"2c07a556\" data-element_type=\"widget\" data-widget_type=\"text-editor.default\">\n\t\t\t\t\t\t\t\t\t<p>Somos una empresa de marketing digital dedicada a la generaci\u00f3n de leads de alta calidad tanto para emprendedores como para empresas peque\u00f1as. Gracias a nuestra amplia experiencia y conocimientos, somos capaces de adaptarnos a diversas \u00e1reas de negocio, ofreciendo resultados efectivos y personalizados para cada cliente.<\/p>\n<p>Ya sea que tu empresa se encuentra en el sector de la tecnolog\u00eda, alimentaci\u00f3n, servicios o cualquier otro, estamos preparados para comenzar a generar leads que impulsen tus ventas. Trabajaremos estrechamente contigo para comprender tus objetivos y necesidades particulares, dise\u00f1ando campa\u00f1as que te ayudar\u00e1n a destacar en un mercado en constante evoluci\u00f3n.<\/p>\n<p>Nuestra pasi\u00f3n radica en tu \u00e9xito en l\u00ednea, estamos dispuestos a ayudarte a conquistar el mundo digital. Descubre hoy mismo c\u00f3mo podemos transformar tu presencia en l\u00ednea.<\/p>\n<p>\u00a1Comencemos!<\/p>\t\t\t\t\t\t\t\t<\/div>\n\t\t\t\t<\/div>\n\t\t\t\t\t<\/div>\n\t\t\t\t<\/div>\n\t\t<div class=\"elementor-element elementor-element-4acdf98 e-flex e-con-boxed e-con e-parent\" data-id=\"4acdf98\" data-element_type=\"container\">\n\t\t\t\t\t<div class=\"e-con-inner\">\n\t\t\t\t<div class=\"elementor-element elementor-element-8198a5e elementor-widget elementor-widget-image\" data-id=\"8198a5e\" data-element_type=\"widget\" data-widget_type=\"image.default\">\n\t\t\t\t\t\t\t\t\t\t\t\t\t\t\t<img fetchpriority=\"high\" decoding=\"async\" width=\"1920\" height=\"1080\" src=\"https:\/\/atdstudio.com\/wp-content\/uploads\/2024\/06\/ATD-STUDIO-1.jpg\" class=\"attachment-full size-full wp-image-589\" alt=\"\" srcset=\"https:\/\/atdstudio.com\/wp-content\/uploads\/2024\/06\/ATD-STUDIO-1.jpg 1920w, https:\/\/atdstudio.com\/wp-content\/uploads\/2024\/06\/ATD-STUDIO-1-300x169.jpg 300w, https:\/\/atdstudio.com\/wp-content\/uploads\/2024\/06\/ATD-STUDIO-1-1024x576.jpg 1024w, https:\/\/atdstudio.com\/wp-content\/uploads\/2024\/06\/ATD-STUDIO-1-768x432.jpg 768w, https:\/\/atdstudio.com\/wp-content\/uploads\/2024\/06\/ATD-STUDIO-1-1536x864.jpg 1536w\" sizes=\"(max-width: 1920px) 100vw, 1920px\" \/>\t\t\t\t\t\t\t\t\t\t\t\t\t\t\t<\/div>\n\t\t\t\t\t<\/div>\n\t\t\t\t<\/div>\n\t\t<div class=\"elementor-element elementor-element-10687a0a e-flex e-con-boxed e-con e-parent\" data-id=\"10687a0a\" data-element_type=\"container\">\n\t\t\t\t\t<div class=\"e-con-inner\">\n\t\t\t\t<div class=\"elementor-element elementor-element-1f6c19a6 elementor-invisible elementor-widget elementor-widget-heading\" data-id=\"1f6c19a6\" data-element_type=\"widget\" data-settings=\"{&quot;_animation&quot;:&quot;fadeInUp&quot;}\" data-widget_type=\"heading.default\">\n\t\t\t\t\t<h2 class=\"elementor-heading-title elementor-size-default\">\u00bfqU\u00c9 NOS HACE DIFERENTES?<\/h2>\t\t\t\t<\/div>\n\t\t\t\t\t<\/div>\n\t\t\t\t<\/div>\n\t\t<div class=\"elementor-element elementor-element-74b58c4b e-flex e-con-boxed e-con e-parent\" data-id=\"74b58c4b\" data-element_type=\"container\">\n\t\t\t\t\t<div class=\"e-con-inner\">\n\t\t<div class=\"elementor-element elementor-element-b7c0fe9 e-con-full e-flex e-con e-child\" data-id=\"b7c0fe9\" data-element_type=\"container\">\n\t\t\t\t<div class=\"elementor-element elementor-element-1380e48e elementor-widget elementor-widget-heading\" data-id=\"1380e48e\" data-element_type=\"widget\" data-widget_type=\"heading.default\">\n\t\t\t\t\t<h2 class=\"elementor-heading-title elementor-size-default\">Expansivos <\/h2>\t\t\t\t<\/div>\n\t\t\t\t<div class=\"elementor-element elementor-element-e5ef5a2 elementor-widget elementor-widget-text-editor\" data-id=\"e5ef5a2\" data-element_type=\"widget\" data-widget_type=\"text-editor.default\">\n\t\t\t\t\t\t\t\t\t<p>Actually, esta es una palabra que inventamos. Su significado engloba todo lo que te hace sentir bien, lo que te hace conectar, expandir, so\u00f1ar, creer, confiar y mucho mas. \u00a1As\u00ed somos!<\/p>\t\t\t\t\t\t\t\t<\/div>\n\t\t\t\t<\/div>\n\t\t<div class=\"elementor-element elementor-element-34a4e6b9 e-con-full e-flex e-con e-child\" data-id=\"34a4e6b9\" data-element_type=\"container\">\n\t\t\t\t<div class=\"elementor-element elementor-element-7e8756b2 elementor-widget elementor-widget-heading\" data-id=\"7e8756b2\" data-element_type=\"widget\" data-widget_type=\"heading.default\">\n\t\t\t\t\t<h2 class=\"elementor-heading-title elementor-size-default\">creativos<\/h2>\t\t\t\t<\/div>\n\t\t\t\t<div class=\"elementor-element elementor-element-419fd2d5 elementor-widget elementor-widget-text-editor\" data-id=\"419fd2d5\" data-element_type=\"widget\" data-widget_type=\"text-editor.default\">\n\t\t\t\t\t\t\t\t\t<p>Inimaginable, qu\u00e9 ser\u00eda de una agencia de marketing sin la creatividad. Nos encanta generar ideas creativas y que se sientan conectadas a la esencia de tu marca. \u00a1Always thinking out of the box!<\/p>\t\t\t\t\t\t\t\t<\/div>\n\t\t\t\t<\/div>\n\t\t<div class=\"elementor-element elementor-element-4d3b6203 e-con-full e-flex e-con e-child\" data-id=\"4d3b6203\" data-element_type=\"container\">\n\t\t\t\t<div class=\"elementor-element elementor-element-6379e050 elementor-widget elementor-widget-heading\" data-id=\"6379e050\" data-element_type=\"widget\" data-widget_type=\"heading.default\">\n\t\t\t\t\t<h2 class=\"elementor-heading-title elementor-size-default\">Organizados<\/h2>\t\t\t\t<\/div>\n\t\t\t\t<div class=\"elementor-element elementor-element-b68f044 elementor-widget elementor-widget-text-editor\" data-id=\"b68f044\" data-element_type=\"widget\" data-widget_type=\"text-editor.default\">\n\t\t\t\t\t\t\t\t\t<p>Mediante esta estrategia, garantizamos la eficiencia operativa, la calidad del trabajo, la satisfacci\u00f3n del cliente y el \u00e9xito en un entorno altamente competitivo y din\u00e1mico. \u00a1We love calendars!<\/p>\t\t\t\t\t\t\t\t<\/div>\n\t\t\t\t<\/div>\n\t\t<div class=\"elementor-element elementor-element-63cf973e e-con-full e-flex e-con e-child\" data-id=\"63cf973e\" data-element_type=\"container\">\n\t\t\t\t<div class=\"elementor-element elementor-element-75ac097a elementor-widget elementor-widget-heading\" data-id=\"75ac097a\" data-element_type=\"widget\" data-widget_type=\"heading.default\">\n\t\t\t\t\t<h2 class=\"elementor-heading-title elementor-size-default\">Met\u00f3dicos<\/h2>\t\t\t\t<\/div>\n\t\t\t\t<div class=\"elementor-element elementor-element-71ad437c elementor-widget elementor-widget-text-editor\" data-id=\"71ad437c\" data-element_type=\"widget\" data-widget_type=\"text-editor.default\">\n\t\t\t\t\t\t\t\t\t<p><span style=\"font-family: var( --e-global-typography-text-font-family ), Sans-serif; font-size: var( --e-global-typography-text-font-size ); font-style: var( --e-global-typography-text-font-style ); font-weight: var( --e-global-typography-text-font-weight ); letter-spacing: var( --e-global-typography-text-letter-spacing ); text-transform: var( --e-global-typography-text-text-transform ); word-spacing: var( --e-global-typography-text-word-spacing ); background-color: var( --e-global-color-a983356 );\">Contamos con un flujo de trabajo sistematizado que nos permite desarrollar eficaz y eficientemente tu servicio contratado.\u00a0<\/span><\/p>\t\t\t\t\t\t\t\t<\/div>\n\t\t\t\t<\/div>\n\t\t<div class=\"elementor-element elementor-element-3bebd75d e-con-full e-flex e-con e-child\" data-id=\"3bebd75d\" data-element_type=\"container\">\n\t\t\t\t<div class=\"elementor-element elementor-element-73c63fc5 elementor-widget elementor-widget-heading\" data-id=\"73c63fc5\" data-element_type=\"widget\" data-widget_type=\"heading.default\">\n\t\t\t\t\t<h2 class=\"elementor-heading-title elementor-size-default\">Directos<\/h2>\t\t\t\t<\/div>\n\t\t\t\t<div class=\"elementor-element elementor-element-6e0ed2bc elementor-widget elementor-widget-text-editor\" data-id=\"6e0ed2bc\" data-element_type=\"widget\" data-widget_type=\"text-editor.default\">\n\t\t\t\t\t\t\t\t\t<p>Crecimiento, expansi\u00f3n y resultados, eso es lo que queremos que tenga tu marca. Por ello, vamos directo a la acci\u00f3n, desarrollamos lo antes posible tu servicio contratado.<\/p>\t\t\t\t\t\t\t\t<\/div>\n\t\t\t\t<\/div>\n\t\t<div class=\"elementor-element elementor-element-5f61d4fd e-con-full e-flex e-con e-child\" data-id=\"5f61d4fd\" data-element_type=\"container\">\n\t\t\t\t<div class=\"elementor-element elementor-element-12666890 elementor-widget elementor-widget-heading\" data-id=\"12666890\" data-element_type=\"widget\" data-widget_type=\"heading.default\">\n\t\t\t\t\t<h2 class=\"elementor-heading-title elementor-size-default\">digitales<\/h2>\t\t\t\t<\/div>\n\t\t\t\t<div class=\"elementor-element elementor-element-17a58c01 elementor-widget elementor-widget-text-editor\" data-id=\"17a58c01\" data-element_type=\"widget\" data-widget_type=\"text-editor.default\">\n\t\t\t\t\t\t\t\t\t<p>Fieles creyentes de que el mundo digital es una herramienta que puedes aprovechar a tu favor para lograr tus metas online. \u00a1Millennials team!<\/p>\t\t\t\t\t\t\t\t<\/div>\n\t\t\t\t<\/div>\n\t\t\t\t\t<\/div>\n\t\t\t\t<\/div>\n\t\t<div class=\"elementor-element elementor-element-21b23e2b e-flex e-con-boxed e-con e-parent\" data-id=\"21b23e2b\" data-element_type=\"container\">\n\t\t\t\t\t<div class=\"e-con-inner\">\n\t\t\t\t<div class=\"elementor-element elementor-element-692b56df elementor-invisible elementor-widget elementor-widget-heading\" data-id=\"692b56df\" data-element_type=\"widget\" data-settings=\"{&quot;_animation&quot;:&quot;fadeInUp&quot;}\" data-widget_type=\"heading.default\">\n\t\t\t\t\t<h2 class=\"elementor-heading-title elementor-size-default\">Con\u00f3cenos<\/h2>\t\t\t\t<\/div>\n\t\t\t\t\t<\/div>\n\t\t\t\t<\/div>\n\t\t<div class=\"elementor-element elementor-element-2e0398d5 e-flex e-con-boxed e-con e-parent\" data-id=\"2e0398d5\" data-element_type=\"container\">\n\t\t\t\t\t<div class=\"e-con-inner\">\n\t\t<div class=\"elementor-element elementor-element-3b9a3b66 e-con-full e-flex e-con e-child\" data-id=\"3b9a3b66\" data-element_type=\"container\">\n\t\t\t\t<div class=\"elementor-element elementor-element-319bff4c elementor-widget elementor-widget-image\" data-id=\"319bff4c\" data-element_type=\"widget\" data-widget_type=\"image.default\">\n\t\t\t\t\t\t\t\t\t\t\t\t\t\t\t<img decoding=\"async\" width=\"1071\" height=\"1500\" src=\"https:\/\/atdstudio.com\/wp-content\/uploads\/2023\/10\/09092023-AndreaTrejo-5.jpg\" class=\"attachment-full size-full wp-image-268\" alt=\"\" srcset=\"https:\/\/atdstudio.com\/wp-content\/uploads\/2023\/10\/09092023-AndreaTrejo-5.jpg 1071w, https:\/\/atdstudio.com\/wp-content\/uploads\/2023\/10\/09092023-AndreaTrejo-5-214x300.jpg 214w, https:\/\/atdstudio.com\/wp-content\/uploads\/2023\/10\/09092023-AndreaTrejo-5-731x1024.jpg 731w, https:\/\/atdstudio.com\/wp-content\/uploads\/2023\/10\/09092023-AndreaTrejo-5-768x1076.jpg 768w\" sizes=\"(max-width: 1071px) 100vw, 1071px\" \/>\t\t\t\t\t\t\t\t\t\t\t\t\t\t\t<\/div>\n\t\t\t\t<div class=\"elementor-element elementor-element-29e096b6 elementor-widget elementor-widget-heading\" data-id=\"29e096b6\" data-element_type=\"widget\" data-widget_type=\"heading.default\">\n\t\t\t\t\t<h2 class=\"elementor-heading-title elementor-size-default\">andre trejo<\/h2>\t\t\t\t<\/div>\n\t\t\t\t<div class=\"elementor-element elementor-element-dc6b3d3 elementor-widget elementor-widget-heading\" data-id=\"dc6b3d3\" data-element_type=\"widget\" data-widget_type=\"heading.default\">\n\t\t\t\t\t<h2 class=\"elementor-heading-title elementor-size-default\">Creative Mind<\/h2>\t\t\t\t<\/div>\n\t\t\t\t<\/div>\n\t\t<div class=\"elementor-element elementor-element-31f2d1da e-con-full e-flex e-con e-child\" data-id=\"31f2d1da\" data-element_type=\"container\">\n\t\t\t\t<div class=\"elementor-element elementor-element-665be127 elementor-widget elementor-widget-image\" data-id=\"665be127\" data-element_type=\"widget\" data-widget_type=\"image.default\">\n\t\t\t\t\t\t\t\t\t\t\t\t\t\t\t<img decoding=\"async\" width=\"768\" height=\"915\" src=\"https:\/\/atdstudio.com\/wp-content\/uploads\/2024\/12\/12012024-RafaelVargas-1.webp\" class=\"attachment-full size-full wp-image-676\" alt=\"\" srcset=\"https:\/\/atdstudio.com\/wp-content\/uploads\/2024\/12\/12012024-RafaelVargas-1.webp 768w, https:\/\/atdstudio.com\/wp-content\/uploads\/2024\/12\/12012024-RafaelVargas-1-252x300.webp 252w\" sizes=\"(max-width: 768px) 100vw, 768px\" \/>\t\t\t\t\t\t\t\t\t\t\t\t\t\t\t<\/div>\n\t\t\t\t<div class=\"elementor-element elementor-element-1402dec5 elementor-widget elementor-widget-heading\" data-id=\"1402dec5\" data-element_type=\"widget\" data-widget_type=\"heading.default\">\n\t\t\t\t\t<h2 class=\"elementor-heading-title elementor-size-default\">rafael vargas<\/h2>\t\t\t\t<\/div>\n\t\t\t\t<div class=\"elementor-element elementor-element-6a4d5eda elementor-widget elementor-widget-heading\" data-id=\"6a4d5eda\" data-element_type=\"widget\" data-widget_type=\"heading.default\">\n\t\t\t\t\t<h2 class=\"elementor-heading-title elementor-size-default\">Web Development<\/h2>\t\t\t\t<\/div>\n\t\t\t\t<\/div>\n\t\t<div class=\"elementor-element elementor-element-5232a811 e-con-full e-flex e-con e-child\" data-id=\"5232a811\" data-element_type=\"container\">\n\t\t\t\t<div class=\"elementor-element elementor-element-355028c1 elementor-widget elementor-widget-image\" data-id=\"355028c1\" data-element_type=\"widget\" data-widget_type=\"image.default\">\n\t\t\t\t\t\t\t\t\t\t\t\t\t\t\t<img loading=\"lazy\" decoding=\"async\" width=\"1707\" height=\"2560\" src=\"https:\/\/atdstudio.com\/wp-content\/uploads\/2024\/02\/F7A1347-scaled.jpg\" class=\"attachment-full size-full wp-image-499\" alt=\"\" srcset=\"https:\/\/atdstudio.com\/wp-content\/uploads\/2024\/02\/F7A1347-scaled.jpg 1707w, https:\/\/atdstudio.com\/wp-content\/uploads\/2024\/02\/F7A1347-200x300.jpg 200w, https:\/\/atdstudio.com\/wp-content\/uploads\/2024\/02\/F7A1347-683x1024.jpg 683w, https:\/\/atdstudio.com\/wp-content\/uploads\/2024\/02\/F7A1347-768x1152.jpg 768w, https:\/\/atdstudio.com\/wp-content\/uploads\/2024\/02\/F7A1347-1024x1536.jpg 1024w, https:\/\/atdstudio.com\/wp-content\/uploads\/2024\/02\/F7A1347-1365x2048.jpg 1365w\" sizes=\"(max-width: 1707px) 100vw, 1707px\" \/>\t\t\t\t\t\t\t\t\t\t\t\t\t\t\t<\/div>\n\t\t\t\t<div class=\"elementor-element elementor-element-354d4551 elementor-widget elementor-widget-heading\" data-id=\"354d4551\" data-element_type=\"widget\" data-widget_type=\"heading.default\">\n\t\t\t\t\t<h2 class=\"elementor-heading-title elementor-size-default\">Michelle Farah<\/h2>\t\t\t\t<\/div>\n\t\t\t\t<div class=\"elementor-element elementor-element-10e46ec3 elementor-widget elementor-widget-heading\" data-id=\"10e46ec3\" data-element_type=\"widget\" data-widget_type=\"heading.default\">\n\t\t\t\t\t<h2 class=\"elementor-heading-title elementor-size-default\">Professional Photography<\/h2>\t\t\t\t<\/div>\n\t\t\t\t<\/div>\n\t\t\t\t\t<\/div>\n\t\t\t\t<\/div>\n\t\t\t\t<\/div>\n\t\t","protected":false},"excerpt":{"rendered":"<p>\u00a1Queremos que vendas! Sin importar en que industria te encuentres tenemos una soluci\u00f3n para ti. Somos una empresa de marketing digital dedicada a la generaci\u00f3n de leads de alta calidad tanto para emprendedores como para empresas peque\u00f1as. Gracias a nuestra amplia experiencia y conocimientos, somos capaces de adaptarnos a diversas \u00e1reas de negocio, ofreciendo resultados [&hellip;]<\/p>\n","protected":false},"author":1,"featured_media":0,"parent":0,"menu_order":0,"comment_status":"closed","ping_status":"closed","template":"elementor_header_footer","meta":{"_joinchat":{"view":"yes"},"footnotes":""},"class_list":["post-51","page","type-page","status-publish","hentry"],"_links":{"self":[{"href":"https:\/\/atdstudio.com\/index.php\/wp-json\/wp\/v2\/pages\/51","targetHints":{"allow":["GET"]}}],"collection":[{"href":"https:\/\/atdstudio.com\/index.php\/wp-json\/wp\/v2\/pages"}],"about":[{"href":"https:\/\/atdstudio.com\/index.php\/wp-json\/wp\/v2\/types\/page"}],"author":[{"embeddable":true,"href":"https:\/\/atdstudio.com\/index.php\/wp-json\/wp\/v2\/users\/1"}],"replies":[{"embeddable":true,"href":"https:\/\/atdstudio.com\/index.php\/wp-json\/wp\/v2\/comments?post=51"}],"version-history":[{"count":96,"href":"https:\/\/atdstudio.com\/index.php\/wp-json\/wp\/v2\/pages\/51\/revisions"}],"predecessor-version":[{"id":685,"href":"https:\/\/atdstudio.com\/index.php\/wp-json\/wp\/v2\/pages\/51\/revisions\/685"}],"wp:attachment":[{"href":"https:\/\/atdstudio.com\/index.php\/wp-json\/wp\/v2\/media?parent=51"}],"curies":[{"name":"wp","href":"https:\/\/api.w.org\/{rel}","templated":true}]}}